{"id":1758,"date":"2024-04-30T17:13:57","date_gmt":"2024-04-30T15:13:57","guid":{"rendered":"https:\/\/archipel.conf.citi-lab.fr\/?page_id=1758"},"modified":"2024-05-06T14:32:25","modified_gmt":"2024-05-06T12:32:25","slug":"dessins","status":"publish","type":"page","link":"https:\/\/archipel.conf.citi-lab.fr\/index.php\/dessins\/","title":{"rendered":"Dessins"},"content":{"rendered":"\n<p>Les dessins ci-dessous ont \u00e9t\u00e9 r\u00e9alis\u00e9s pendant la conf\u00e9rence par H\u00e9l\u00e8ne Dos Santos, \u00e9tudiante INSA-Lyon, arts-plastiques \u00e9tudes. Cliquez sur les images pour une meilleure r\u00e9solution. Si vous aussi avez des productions que vous voulez partager, <a href=\"https:\/\/archipel.conf.citi-lab.fr\/index.php\/contact\/\" data-type=\"page\" data-id=\"1237\">contactez-nous !<\/a><\/p>\n\n\n\n<figure class=\"wp-block-gallery has-nested-images columns-default is-cropped wp-block-gallery-1 is-layout-flex wp-block-gallery-is-layout-flex\">\n<figure class=\"wp-block-image size-large is-resized\"><a href=\"https:\/\/archipel.conf.citi-lab.fr\/wp-content\/uploads\/2024\/04\/J1-p1.jpg\"><img decoding=\"async\" data-id=\"1759\" src=\"https:\/\/archipel.conf.citi-lab.fr\/wp-content\/uploads\/2024\/04\/J1-p1-724x1024.jpg\" alt=\"\" class=\"wp-image-1759\" style=\"width:300px\" width=\"300\" srcset=\"https:\/\/archipel.conf.citi-lab.fr\/wp-content\/uploads\/2024\/04\/J1-p1-724x1024.jpg 724w, https:\/\/archipel.conf.citi-lab.fr\/wp-content\/uploads\/2024\/04\/J1-p1-212x300.jpg 212w, https:\/\/archipel.conf.citi-lab.fr\/wp-content\/uploads\/2024\/04\/J1-p1-768x1086.jpg 768w, https:\/\/archipel.conf.citi-lab.fr\/wp-content\/uploads\/2024\/04\/J1-p1.jpg 827w\" sizes=\"(max-width: 724px) 100vw, 724px\" \/><\/a><\/figure>\n\n\n\n<figure class=\"wp-block-image size-large is-resized\"><a href=\"https:\/\/archipel.conf.citi-lab.fr\/wp-content\/uploads\/2024\/04\/J1-p2.jpg\"><img decoding=\"async\" data-id=\"1760\" src=\"https:\/\/archipel.conf.citi-lab.fr\/wp-content\/uploads\/2024\/04\/J1-p2-724x1024.jpg\" alt=\"\" class=\"wp-image-1760\" style=\"width:300px\" width=\"300\" srcset=\"https:\/\/archipel.conf.citi-lab.fr\/wp-content\/uploads\/2024\/04\/J1-p2-724x1024.jpg 724w, https:\/\/archipel.conf.citi-lab.fr\/wp-content\/uploads\/2024\/04\/J1-p2-212x300.jpg 212w, https:\/\/archipel.conf.citi-lab.fr\/wp-content\/uploads\/2024\/04\/J1-p2-768x1086.jpg 768w, https:\/\/archipel.conf.citi-lab.fr\/wp-content\/uploads\/2024\/04\/J1-p2.jpg 827w\" sizes=\"(max-width: 724px) 100vw, 724px\" \/><\/a><\/figure>\n\n\n\n<figure class=\"wp-block-image size-large is-resized\"><a href=\"https:\/\/archipel.conf.citi-lab.fr\/wp-content\/uploads\/2024\/04\/J2-ecologie.jpg\"><img decoding=\"async\" data-id=\"1761\" src=\"https:\/\/archipel.conf.citi-lab.fr\/wp-content\/uploads\/2024\/04\/J2-ecologie-724x1024.jpg\" alt=\"\" class=\"wp-image-1761\" style=\"width:300px\" width=\"300\" srcset=\"https:\/\/archipel.conf.citi-lab.fr\/wp-content\/uploads\/2024\/04\/J2-ecologie-724x1024.jpg 724w, https:\/\/archipel.conf.citi-lab.fr\/wp-content\/uploads\/2024\/04\/J2-ecologie-212x300.jpg 212w, https:\/\/archipel.conf.citi-lab.fr\/wp-content\/uploads\/2024\/04\/J2-ecologie-768x1086.jpg 768w, https:\/\/archipel.conf.citi-lab.fr\/wp-content\/uploads\/2024\/04\/J2-ecologie.jpg 827w\" sizes=\"(max-width: 724px) 100vw, 724px\" \/><\/a><\/figure>\n\n\n\n<figure class=\"wp-block-image size-large is-resized\"><a href=\"https:\/\/archipel.conf.citi-lab.fr\/wp-content\/uploads\/2024\/04\/J2-ntic-724x1024.jpg\"><img decoding=\"async\" data-id=\"1762\" src=\"https:\/\/archipel.conf.citi-lab.fr\/wp-content\/uploads\/2024\/04\/J2-ntic-724x1024.jpg\" alt=\"\" class=\"wp-image-1762\" style=\"width:300px\" width=\"300\" srcset=\"https:\/\/archipel.conf.citi-lab.fr\/wp-content\/uploads\/2024\/04\/J2-ntic-724x1024.jpg 724w, https:\/\/archipel.conf.citi-lab.fr\/wp-content\/uploads\/2024\/04\/J2-ntic-212x300.jpg 212w, https:\/\/archipel.conf.citi-lab.fr\/wp-content\/uploads\/2024\/04\/J2-ntic-768x1086.jpg 768w, https:\/\/archipel.conf.citi-lab.fr\/wp-content\/uploads\/2024\/04\/J2-ntic.jpg 827w\" sizes=\"(max-width: 724px) 100vw, 724px\" \/><\/a><\/figure>\n\n\n\n<figure class=\"wp-block-image size-large is-resized\"><a href=\"https:\/\/archipel.conf.citi-lab.fr\/wp-content\/uploads\/2024\/04\/J4-p1-724x1024.jpg\"><img decoding=\"async\" data-id=\"1763\" src=\"https:\/\/archipel.conf.citi-lab.fr\/wp-content\/uploads\/2024\/04\/J4-p1-724x1024.jpg\" alt=\"\" class=\"wp-image-1763\" style=\"width:300px\" width=\"300\" srcset=\"https:\/\/archipel.conf.citi-lab.fr\/wp-content\/uploads\/2024\/04\/J4-p1-724x1024.jpg 724w, https:\/\/archipel.conf.citi-lab.fr\/wp-content\/uploads\/2024\/04\/J4-p1-212x300.jpg 212w, https:\/\/archipel.conf.citi-lab.fr\/wp-content\/uploads\/2024\/04\/J4-p1-768x1086.jpg 768w, https:\/\/archipel.conf.citi-lab.fr\/wp-content\/uploads\/2024\/04\/J4-p1.jpg 827w\" sizes=\"(max-width: 724px) 100vw, 724px\" \/><\/a><\/figure>\n\n\n\n<figure class=\"wp-block-image size-large is-resized\"><a href=\"https:\/\/archipel.conf.citi-lab.fr\/wp-content\/uploads\/2024\/04\/J4-p2.jpg\"><img decoding=\"async\" data-id=\"1764\" src=\"https:\/\/archipel.conf.citi-lab.fr\/wp-content\/uploads\/2024\/04\/J4-p2-724x1024.jpg\" alt=\"\" class=\"wp-image-1764\" style=\"width:300px\" width=\"300\" srcset=\"https:\/\/archipel.conf.citi-lab.fr\/wp-content\/uploads\/2024\/04\/J4-p2-724x1024.jpg 724w, https:\/\/archipel.conf.citi-lab.fr\/wp-content\/uploads\/2024\/04\/J4-p2-212x300.jpg 212w, https:\/\/archipel.conf.citi-lab.fr\/wp-content\/uploads\/2024\/04\/J4-p2-768x1086.jpg 768w, https:\/\/archipel.conf.citi-lab.fr\/wp-content\/uploads\/2024\/04\/J4-p2.jpg 827w\" sizes=\"(max-width: 724px) 100vw, 724px\" \/><\/a><\/figure>\n<\/figure>\n","protected":false},"excerpt":{"rendered":"<p>Les dessins ci-dessous ont \u00e9t\u00e9 r\u00e9alis\u00e9s pendant la conf\u00e9rence par H\u00e9l\u00e8ne Dos Santos, \u00e9tudiante INSA-Lyon, arts-plastiques \u00e9tudes. Cliquez sur les images pour une meilleure r\u00e9solution. Si vous aussi avez des productions que vous voulez partager, contactez-nous !<\/p>\n","protected":false},"author":1,"featured_media":0,"parent":0,"menu_order":0,"comment_status":"closed","ping_status":"closed","template":"","meta":{"footnotes":""},"_links":{"self":[{"href":"https:\/\/archipel.conf.citi-lab.fr\/index.php\/wp-json\/wp\/v2\/pages\/1758"}],"collection":[{"href":"https:\/\/archipel.conf.citi-lab.fr\/index.php\/wp-json\/wp\/v2\/pages"}],"about":[{"href":"https:\/\/archipel.conf.citi-lab.fr\/index.php\/wp-json\/wp\/v2\/types\/page"}],"author":[{"embeddable":true,"href":"https:\/\/archipel.conf.citi-lab.fr\/index.php\/wp-json\/wp\/v2\/users\/1"}],"replies":[{"embeddable":true,"href":"https:\/\/archipel.conf.citi-lab.fr\/index.php\/wp-json\/wp\/v2\/comments?post=1758"}],"version-history":[{"count":7,"href":"https:\/\/archipel.conf.citi-lab.fr\/index.php\/wp-json\/wp\/v2\/pages\/1758\/revisions"}],"predecessor-version":[{"id":1774,"href":"https:\/\/archipel.conf.citi-lab.fr\/index.php\/wp-json\/wp\/v2\/pages\/1758\/revisions\/1774"}],"wp:attachment":[{"href":"https:\/\/archipel.conf.citi-lab.fr\/index.php\/wp-json\/wp\/v2\/media?parent=1758"}],"curies":[{"name":"wp","href":"https:\/\/api.w.org\/{rel}","templated":true}]}}