{"id":1306,"date":"2023-10-10T15:52:39","date_gmt":"2023-10-10T13:52:39","guid":{"rendered":"https:\/\/archipel.conf.citi-lab.fr\/?page_id=1306"},"modified":"2024-04-30T17:19:44","modified_gmt":"2024-04-30T15:19:44","slug":"conference-archipel-2024","status":"publish","type":"page","link":"https:\/\/archipel.conf.citi-lab.fr\/","title":{"rendered":"Conf\u00e9rence Archipel 2024"},"content":{"rendered":"\n<p>La conf\u00e9rence Archipel propose un cadre g\u00e9n\u00e9ral de partage des connaissances et des formes de discussion qui permettent aux chercheurs et chercheuses de traditions diverses de travailler ensemble en vue d\u2019une transformation de la soci\u00e9t\u00e9 suivant <a href=\"https:\/\/archipel.inria.fr\/charte\/\">la charte de la communaut\u00e9<\/a>.<\/p>\n\n\n\n<p>Dates: du 15 au 18 avril 2024. <a href=\"https:\/\/archipel.conf.citi-lab.fr\/index.php\/programme\/\" data-type=\"page\" data-id=\"1401\">Le programme est en ligne<\/a>.<\/p>\n\n\n\n<p><strong>Nouveaut\u00e9 30\/04 :<\/strong> une page <a href=\"https:\/\/archipel.conf.citi-lab.fr\/index.php\/dessins\/\" data-type=\"page\" data-id=\"1758\">Dessins<\/a> avec un r\u00e9sum\u00e9 en images de la conf\u00e9rence !<\/p>\n\n\n\n<figure class=\"wp-block-image aligncenter size-full\"><a href=\"https:\/\/archipel.conf.citi-lab.fr\/index.php\/dessins\/\"><img decoding=\"async\" loading=\"lazy\" width=\"846\" height=\"522\" src=\"https:\/\/archipel.conf.citi-lab.fr\/wp-content\/uploads\/2024\/04\/cartes-a-jouer.jpg\" alt=\"\" class=\"wp-image-1771\" style=\"object-fit:cover\" srcset=\"https:\/\/archipel.conf.citi-lab.fr\/wp-content\/uploads\/2024\/04\/cartes-a-jouer.jpg 846w, https:\/\/archipel.conf.citi-lab.fr\/wp-content\/uploads\/2024\/04\/cartes-a-jouer-300x185.jpg 300w, https:\/\/archipel.conf.citi-lab.fr\/wp-content\/uploads\/2024\/04\/cartes-a-jouer-768x474.jpg 768w\" sizes=\"(max-width: 846px) 100vw, 846px\" \/><\/a><\/figure>\n","protected":false},"excerpt":{"rendered":"<p>La conf\u00e9rence Archipel propose un cadre g\u00e9n\u00e9ral de partage des connaissances et des formes de discussion qui permettent aux chercheurs et chercheuses de traditions diverses de travailler ensemble en vue d\u2019une transformation de la soci\u00e9t\u00e9 suivant la charte de la communaut\u00e9. Dates: du 15 au 18 avril 2024. Le programme est en ligne. Nouveaut\u00e9 30\/04 [&hellip;]<\/p>\n","protected":false},"author":1,"featured_media":0,"parent":0,"menu_order":0,"comment_status":"closed","ping_status":"closed","template":"","meta":{"footnotes":""},"_links":{"self":[{"href":"https:\/\/archipel.conf.citi-lab.fr\/index.php\/wp-json\/wp\/v2\/pages\/1306"}],"collection":[{"href":"https:\/\/archipel.conf.citi-lab.fr\/index.php\/wp-json\/wp\/v2\/pages"}],"about":[{"href":"https:\/\/archipel.conf.citi-lab.fr\/index.php\/wp-json\/wp\/v2\/types\/page"}],"author":[{"embeddable":true,"href":"https:\/\/archipel.conf.citi-lab.fr\/index.php\/wp-json\/wp\/v2\/users\/1"}],"replies":[{"embeddable":true,"href":"https:\/\/archipel.conf.citi-lab.fr\/index.php\/wp-json\/wp\/v2\/comments?post=1306"}],"version-history":[{"count":25,"href":"https:\/\/archipel.conf.citi-lab.fr\/index.php\/wp-json\/wp\/v2\/pages\/1306\/revisions"}],"predecessor-version":[{"id":1772,"href":"https:\/\/archipel.conf.citi-lab.fr\/index.php\/wp-json\/wp\/v2\/pages\/1306\/revisions\/1772"}],"wp:attachment":[{"href":"https:\/\/archipel.conf.citi-lab.fr\/index.php\/wp-json\/wp\/v2\/media?parent=1306"}],"curies":[{"name":"wp","href":"https:\/\/api.w.org\/{rel}","templated":true}]}}