{"id":1235,"date":"2023-10-03T09:22:13","date_gmt":"2023-10-03T09:22:13","guid":{"rendered":"https:\/\/archipel.conf.citi-lab.fr\/?page_id=1235"},"modified":"2024-04-09T14:57:40","modified_gmt":"2024-04-09T12:57:40","slug":"informations-pratiques","status":"publish","type":"page","link":"https:\/\/archipel.conf.citi-lab.fr\/index.php\/informations-pratiques\/","title":{"rendered":"Informations pratiques"},"content":{"rendered":"\n<h3 class=\"wp-block-heading\">Inscriptions<\/h3>\n\n\n\n<p>Les inscriptions \u00e0 la conf\u00e9rence sont maintenant closes. <\/p>\n\n\n\n<p>Les frais d&rsquo;inscriptions couvrent:<\/p>\n\n\n\n<ul>\n<li>participation aux symposiums le matin, mini-symposiums et ateliers l&rsquo;apr\u00e8s-midi<\/li>\n\n\n\n<li>pause caf\u00e9 le matin avec viennoiseries<\/li>\n\n\n\n<li>repas de midi (buffet v\u00e9g\u00e9tarien) avec caf\u00e9<\/li>\n\n\n\n<li>ap\u00e9ritif du mardi soir<\/li>\n<\/ul>\n\n\n\n<h3 class=\"wp-block-heading\">Lieu<\/h3>\n\n\n\n<p>La conf\u00e9rence est organis\u00e9e dans les locaux de l&rsquo;INSA Lyon, <a href=\"https:\/\/www.openstreetmap.org\/way\/85023011#map=18\/45.78225\/4.87371\">b\u00e2timents L. Bassi et J. Verne.<\/a> Le campus est desservi par les tramways T1 et T4 (environ 20mn depuis la gare de la Part-Dieu). Il faut descendre \u00e0 l&rsquo;arr\u00eat \u00ab\u00a0La Doua &#8211; Gaston Berger\u00a0\u00bb. Cliquez sur l&rsquo;image ci-dessous pour un plan interactif.<\/p>\n\n\n\n<figure class=\"wp-block-image aligncenter size-large\"><a href=\"https:\/\/www.openstreetmap.org\/way\/85023011\/#map=18\/45.78230\/4.87397\"><img decoding=\"async\" loading=\"lazy\" width=\"1024\" height=\"827\" src=\"https:\/\/archipel.conf.citi-lab.fr\/wp-content\/uploads\/2024\/04\/Map_Archipel_2024-1024x827.png\" alt=\"\" class=\"wp-image-1723\" srcset=\"https:\/\/archipel.conf.citi-lab.fr\/wp-content\/uploads\/2024\/04\/Map_Archipel_2024-1024x827.png 1024w, https:\/\/archipel.conf.citi-lab.fr\/wp-content\/uploads\/2024\/04\/Map_Archipel_2024-300x242.png 300w, https:\/\/archipel.conf.citi-lab.fr\/wp-content\/uploads\/2024\/04\/Map_Archipel_2024-768x620.png 768w, https:\/\/archipel.conf.citi-lab.fr\/wp-content\/uploads\/2024\/04\/Map_Archipel_2024-1536x1241.png 1536w, https:\/\/archipel.conf.citi-lab.fr\/wp-content\/uploads\/2024\/04\/Map_Archipel_2024-2048x1654.png 2048w\" sizes=\"(max-width: 1024px) 100vw, 1024px\" \/><\/a><\/figure>\n\n\n\n<h3 class=\"wp-block-heading\">H\u00e9bergement<\/h3>\n\n\n\n<p>De nombreux h\u00f4tels et <a href=\"https:\/\/www.auberge-de-jeunesse-lyon.com\/\">auberges de jeunesse<\/a> sont disponibles dans le centre-ville de Lyon. <\/p>\n\n\n\n<p>\u00c9galement, \u00e0 proximit\u00e9 imm\u00e9diate de la conf\u00e9rence, on peut trouver:<\/p>\n\n\n\n<ul>\n<li><a href=\"https:\/\/www.hoteldescongres.com\/\">H\u00f4tel des Congr\u00e8s<\/a><\/li>\n\n\n\n<li><a href=\"https:\/\/all.accor.com\/hotel\/5087\/index.fr.shtml\">H\u00f4tel Ibis budget<\/a><\/li>\n\n\n\n<li><a href=\"https:\/\/all.accor.com\/hotel\/9012\/index.fr.shtml\">H\u00f4tel Ibis Styles<\/a><\/li>\n<\/ul>\n","protected":false},"excerpt":{"rendered":"<p>Inscriptions Les inscriptions \u00e0 la conf\u00e9rence sont maintenant closes. Les frais d&rsquo;inscriptions couvrent: Lieu La conf\u00e9rence est organis\u00e9e dans les locaux de l&rsquo;INSA Lyon, b\u00e2timents L. Bassi et J. Verne. Le campus est desservi par les tramways T1 et T4 (environ 20mn depuis la gare de la Part-Dieu). Il faut descendre \u00e0 l&rsquo;arr\u00eat \u00ab\u00a0La Doua [&hellip;]<\/p>\n","protected":false},"author":1,"featured_media":0,"parent":0,"menu_order":0,"comment_status":"closed","ping_status":"closed","template":"","meta":{"footnotes":""},"_links":{"self":[{"href":"https:\/\/archipel.conf.citi-lab.fr\/index.php\/wp-json\/wp\/v2\/pages\/1235"}],"collection":[{"href":"https:\/\/archipel.conf.citi-lab.fr\/index.php\/wp-json\/wp\/v2\/pages"}],"about":[{"href":"https:\/\/archipel.conf.citi-lab.fr\/index.php\/wp-json\/wp\/v2\/types\/page"}],"author":[{"embeddable":true,"href":"https:\/\/archipel.conf.citi-lab.fr\/index.php\/wp-json\/wp\/v2\/users\/1"}],"replies":[{"embeddable":true,"href":"https:\/\/archipel.conf.citi-lab.fr\/index.php\/wp-json\/wp\/v2\/comments?post=1235"}],"version-history":[{"count":31,"href":"https:\/\/archipel.conf.citi-lab.fr\/index.php\/wp-json\/wp\/v2\/pages\/1235\/revisions"}],"predecessor-version":[{"id":1747,"href":"https:\/\/archipel.conf.citi-lab.fr\/index.php\/wp-json\/wp\/v2\/pages\/1235\/revisions\/1747"}],"wp:attachment":[{"href":"https:\/\/archipel.conf.citi-lab.fr\/index.php\/wp-json\/wp\/v2\/media?parent=1235"}],"curies":[{"name":"wp","href":"https:\/\/api.w.org\/{rel}","templated":true}]}}