{"id":1218,"date":"2023-10-03T08:39:52","date_gmt":"2023-10-03T08:39:52","guid":{"rendered":"https:\/\/archipel.conf.citi-lab.fr\/?page_id=1218"},"modified":"2023-10-27T16:06:15","modified_gmt":"2023-10-27T14:06:15","slug":"appel-a-communications","status":"publish","type":"page","link":"https:\/\/archipel.conf.citi-lab.fr\/index.php\/appel-a-communications\/","title":{"rendered":"Appel \u00e0 communications"},"content":{"rendered":"\n<figure id=\"date-limite\" class=\"wp-block-table\"><table><tbody><tr><td class=\"has-text-align-right\" data-align=\"right\"><strong>Date limite de soumission : <\/strong><br><strong><s>15 octobre 2023<\/s><\/strong><br><strong><s>30 octobre 2023<\/s><br>8 novembre 2023<\/strong><\/td><td><strong>Site de soumission<\/strong>:<br><a href=\"https:\/\/openconf-archipel.conf.citi-lab.fr\/\">https:\/\/openconf-archipel.conf.citi-lab.fr\/<\/a><\/td><\/tr><tr><td class=\"has-text-align-right\" data-align=\"right\">Conf\u00e9rence: du <strong>15 au 18 avril 2024<\/strong><\/td><td>Lieu: Insa de Lyon<\/td><\/tr><\/tbody><\/table><\/figure>\n\n\n\n<p>La conf\u00e9rence Archipel propose un cadre g\u00e9n\u00e9ral de partage des connaissances et des formes de discussion qui permettent aux chercheurs et chercheuses de traditions diverses de travailler ensemble en vue d\u2019une transformation de la soci\u00e9t\u00e9 suivant <a href=\"https:\/\/archipel.inria.fr\/charte\/\">la charte de la communaut\u00e9<\/a>.<\/p>\n\n\n\n<p>Plus pr\u00e9cis\u00e9ment, trois principes structurants sont \u00e0 consid\u00e9rer dans la soumission des&nbsp;propositions :<\/p>\n\n\n\n<ul>\n<li>S\u2019inscrire dans une d\u00e9marche <em>transdisciplinaire<\/em> et <em>syst\u00e9mique<\/em> au niveau acad\u00e9mique et\/ou d\u2019<em>int\u00e9gration<\/em> de diverses parties prenantes pluridisciplinaires.<\/li>\n\n\n\n<li>Soutenir la pr\u00e9sence des th\u00e9sard.e.s, des docteur.e.s, des postdoctorant.e.s, afin de constituer une communaut\u00e9 interg\u00e9n\u00e9rationnelle consciente des enjeux syst\u00e9miques et encline \u00e0 faire \u00e9voluer les pratiques de recherche.<\/li>\n\n\n\n<li>Se positionner dans une <em>approche th\u00e9matique, m\u00e9thodologique ou strat\u00e9gique<\/em>, dans une <em>posture assum\u00e9e et politique de mise en action effective des savoirs <\/em>(faire \u00e9merger des groupes, sensibiliser, faire des actions de transformation\/transition). Articuler la compr\u00e9hension et l\u2019action.<\/li>\n<\/ul>\n\n\n\n<p>Ces principes sont des recommandations. Ce qui compte, c\u2019est de respecter l\u2019\u00e9tat d\u2019esprit sous-jacent, visant \u00e0 rassembler des points de vue compl\u00e9mentaires sur des questionnements communs, en vue d\u2019agir. N\u2019h\u00e9sitez pas \u00e0 nous contacter si besoin&nbsp;! Comme le temps d\u2019un congr\u00e8s qui vise \u00e0 la constitution d\u2019une communaut\u00e9 n\u2019est pas illimit\u00e9, nous serons oblig\u00e9s de faire des choix, mais tous ceux qui auront r\u00e9pondu, ont vocation \u00e0 venir \u00e0 ce congr\u00e8s car l\u2019objectif est de faire avancer des dynamiques. Personne n\u2019est de trop m\u00eame si tous ne pourront pas parler cette fois. Il s\u2019agit aussi de voir grand, pour essaimer sans se diviser. Nous avons besoin de construire une force d\u00e9multipli\u00e9e. Comme vous savez le temps est compt\u00e9.<\/p>\n\n\n\n<p>Les formes de participation que propose cet appel sont les suivantes&nbsp;:<\/p>\n\n\n\n<ol>\n<li><a href=\"#AppelCSP\">Appel \u00e0 symposiums pl\u00e9niers<\/a><\/li>\n\n\n\n<li><a href=\"#AppelMS\">Appel \u00e0 mini-symposiums<\/a><\/li>\n\n\n\n<li><a href=\"#AppelAteliers\">Appel \u00e0 ateliers<\/a><\/li>\n<\/ol>\n\n\n\n<h2 class=\"wp-block-heading has-text-color has-x-large-font-size\" id=\"AppelCSP\" style=\"color:#62c4dd\">1. Appel \u00e0 symposiums pl\u00e9niers<\/h2>\n\n\n\n<div class=\"wp-block-group has-global-padding is-layout-constrained wp-block-group-is-layout-constrained\">\n<p>Les principes vis\u00e9s sont la pr\u00e9sentation de travaux scientifiques existants soumis au croisement des points de vue des sciences physiques et naturelles, des sciences pour l\u2019ing\u00e9nieur et\/ou des sciences humaines et sociales, en vue d\u2019une mise en commun et en d\u00e9bat.<\/p>\n\n\n\n<p>Suite \u00e0 la consultation de la communaut\u00e9 Archipel en janvier 2023, quatre axes de questionnement ont \u00e9t\u00e9 list\u00e9s prioritaires. Retranscrits ci-dessous, ils indiquent les contenus et les orientations des symposiums pl\u00e9niers pressentis pour \u00eatre propos\u00e9s \u00e0 Archipel 2024. La soumission de propositions a donc pour vocation prioritaire de s\u2019inscrire dans la reprise d\u2019une \u00e0 plusieurs de ces id\u00e9es, sans exclure d\u2019autres suggestions le cas \u00e9ch\u00e9ant. Nous n\u2019avons pas d\u2019objectifs d\u2019exhaustivit\u00e9, ce sont les int\u00e9r\u00eats de la communaut\u00e9 au sein de chaque grande question qui d\u00e9termineront la coloration de ces symposiums pl\u00e9niers.<\/p>\n\n\n\n<p>Il reviendra au comit\u00e9 de programme d\u2019Archipel 2024 d\u2019organiser les symposiums pl\u00e9niers dans la limite de quatre cr\u00e9neaux durant l\u2019\u00e9v\u00e8nement. Il sera demand\u00e9 \u00e0 chaque communicant de participer \u00e0 la pr\u00e9paration du symposium dans un groupe de travail r\u00e9gulier d\u00e8s que les communications auront \u00e9t\u00e9 choisies (d\u2019octobre \u00e0 avril).&nbsp;<\/p>\n\n\n\n<h3 class=\"wp-block-heading has-text-color has-large-font-size\" style=\"color:#62c4dd\">Questionnements prioritaires :<\/h3>\n\n\n\n<h4 class=\"wp-block-heading has-text-color has-medium-font-size\" style=\"color:#62c4dd\">Quelles alternatives et formes de d\u00e9croissance ? Peut-on arriver \u00e0 ne pas seulement agir en r\u00e9action, avoir une pens\u00e9e d\u2019avance ?<\/h4>\n\n\n\n<ul>\n<li>Faut-il supprimer la viande de notre alimentation ?<\/li>\n\n\n\n<li>Quelle place pour le num\u00e9rique dans le monde d\u2019apr\u00e8s ?<\/li>\n\n\n\n<li>Pourquoi croit-on toujours \u00e0 la technologie ?<\/li>\n\n\n\n<li>Les \u201cbesoins\u201d vs le \u201csuperflu\u201d ?<\/li>\n\n\n\n<li>Quelle sant\u00e9 ? Comment mettre en place une d\u00e9croissance choisie \u00e9galitaire, en particulier dans le syst\u00e8me de sant\u00e9 qui est d\u00e9j\u00e0 en train de s\u2019effondrer ?<\/li>\n<\/ul>\n\n\n\n<h4 class=\"wp-block-heading has-text-color has-medium-font-size\" style=\"color:#62c4dd\">Comment organiser une recherche utile et \u00e9thique&nbsp;?<\/h4>\n\n\n\n<ul>\n<li>Quels sont les crit\u00e8res d\u2019une recherche \u201cbonne, utile\u201d \u00e0 l\u2019heure de l\u2019Anthropoc\u00e8ne ? (\u00e9thique)<\/li>\n\n\n\n<li>Quelles conditions sociales pour les personnes qui travaillent dans ce domaine (pr\u00e9carit\u00e9 des postes, des financements\u2026)<\/li>\n\n\n\n<li>Comment \u00e9changer avec les citoyens ? Les informer, recueillir leurs besoins\/envies quant \u00e0 l\u2019orientation de la recherche.<\/li>\n\n\n\n<li>Strat\u00e9gie recherche : th\u00e9matiques utiles, d\u00e9finition des sujets de recherche.<\/li>\n\n\n\n<li>Quelles relations entre le monde occidental et le reste de la plan\u00e8te ? (Diff\u00e9rents rapports au monde, ontologies, cosmologies, g\u00e9opolitique, conflits entre grandes puissances, rapports \u00e0 la colonisation)<\/li>\n<\/ul>\n\n\n\n<h4 class=\"wp-block-heading has-text-color has-medium-font-size\" style=\"color:#62c4dd\">Quelles strat\u00e9gies politiques aujourd\u2019hui pour changer le syst\u00e8me ?<\/h4>\n\n\n\n<ul>\n<li>Lucidit\u00e9 sur les blocages, inventivit\u00e9 sur les leviers, construction de nouveaux imaginaires<\/li>\n\n\n\n<li>Articulation politique des leviers de transformation aux diff\u00e9rentes \u00e9chelles ?<\/li>\n\n\n\n<li>Quelles strat\u00e9gies politiques face aux pouvoirs en place : lutter (affrontements ; conflits, violences), construire, se reconstruire (d\u00e9serter, bifurquer), d\u00e9construire et d\u00e9sarmer (novlangue, m\u00e9dias, formes de manipulations, etc)<\/li>\n\n\n\n<li>Id\u00e9e de confiance (nouveaux groupements) par quelles institutions ?<\/li>\n<\/ul>\n\n\n\n<h4 class=\"wp-block-heading has-text-color has-medium-font-size\" style=\"color:#62c4dd\">Quel futur veut-on collectivement ?<\/h4>\n\n\n\n<ul>\n<li>Comment arrive-t-on collectivement \u00e0 savoir vers o\u00f9 on veut aller ?<\/li>\n\n\n\n<li>Quelles nouvelles bases d\u00e9mocratiques ?<\/li>\n\n\n\n<li>Penser les valeurs qui caract\u00e9risent la soci\u00e9t\u00e9 que l\u2019on souhaite. Penser les crit\u00e8res \u00e0 partir desquels on peut d\u00e9finir un contenu moral. Qu\u2019est-ce qui nous permet de dire si on va ou pas dans la bonne direction ?<\/li>\n<\/ul>\n\n\n\n<h3 class=\"wp-block-heading has-text-color has-large-font-size\" style=\"color:#62c4dd\">Pour chaque proposition de communication, indiquer&nbsp;:<\/h3>\n\n\n\n<ul>\n<li>le questionnement vis\u00e9,<\/li>\n\n\n\n<li>la ou les disciplines d\u2019arrimage,<\/li>\n\n\n\n<li>l\u2019approche strat\u00e9gique ou th\u00e9matique ou m\u00e9thodologique adopt\u00e9e<\/li>\n\n\n\n<li>l\u2019enjeu du propos au regard du questionnement vis\u00e9<\/li>\n\n\n\n<li>un titre<\/li>\n\n\n\n<li>une bibliographie associ\u00e9e<\/li>\n\n\n\n<li>un r\u00e9sum\u00e9 de 3000 signes environ ou l\u2019adresse URL de l\u2019article \u00e0 mettre en discussion crois\u00e9e.<\/li>\n\n\n\n<li>une courte biographie<\/li>\n<\/ul>\n<\/div>\n\n\n\n<h2 class=\"wp-block-heading has-x-large-font-size\" id=\"AppelMS\">2. Appel \u00e0 mini-symposiums<\/h2>\n\n\n\n<div class=\"wp-block-group has-global-padding is-layout-constrained wp-block-group-is-layout-constrained\">\n<p>Le mini-symposium pr\u00e9sente des caract\u00e9ristiques plus souples que le symposium. Le choix et la proposition d\u2019un sujet se font de mani\u00e8re tout \u00e0 fait autonome.<\/p>\n\n\n\n<p>Une invitation sp\u00e9cifique est faite visant \u00e0 investir tout particuli\u00e8rement des th\u00e8mes peu d\u00e9velopp\u00e9s lors de la pr\u00e9c\u00e9dente conf\u00e9rence, tels que&nbsp;: la biodiversit\u00e9, la justice sociale, les droits de la nature, l\u2019\u00e9cof\u00e9minisme, l\u2019\u00e9cologie d\u00e9coloniale, etc. Cette liste est seulement indicative et non exhaustive.<\/p>\n\n\n\n<h3 class=\"wp-block-heading has-large-font-size\">Modalit\u00e9s de soumission d\u2019un mini-symposium<\/h3>\n\n\n\n<ul>\n<li>Objectifs<\/li>\n\n\n\n<li>Angles d\u2019attaque \/ points de vue entrecrois\u00e9s \/ r\u00e9flexions envisag\u00e9es<\/li>\n\n\n\n<li>R\u00e9sum\u00e9 de deux pages (6000 signes) : argumentation<\/li>\n\n\n\n<li>Liste des potentiels intervenantes et intervenants. Pr\u00e9cisez si ces personnes ont d\u00e9j\u00e0 \u00e9t\u00e9 contact\u00e9es et si elles ont donn\u00e9 leur accord pour participer \u00e0 l\u2019\u00e9v\u00e9nement. Les personnes organisatrices peuvent faire partie des intervenantes.<\/li>\n\n\n\n<li>Liste des travaux sur lesquels la discussion s\u2019appuiera. Il peut s\u2019agir de travaux d\u00e9j\u00e0 publi\u00e9s (dans ce cas, il suffit de donner la r\u00e9f\u00e9rence bibliographique ou le lien HAL) ou de travaux en cours (cela pourrait par exemple \u00eatre le cas d\u2019un travail de th\u00e8se ; transmettre alors un court r\u00e9sum\u00e9 et le contexte de la th\u00e8se).<\/li>\n<\/ul>\n<\/div>\n\n\n\n<h2 class=\"wp-block-heading has-x-large-font-size\" id=\"AppelAteliers\">3. Appel \u00e0 ateliers<\/h2>\n\n\n\n<div class=\"wp-block-group has-global-padding is-layout-constrained wp-block-group-is-layout-constrained\">\n<p>L\u2019atelier permet de proposer des activit\u00e9s et des r\u00e9flexions sur un mode exp\u00e9rimental. Il peut avoir comme finalit\u00e9 pr\u00e9cise de produire un r\u00e9sultat, un livrable pour ses membres et pour la communaut\u00e9 Archipel.<\/p>\n\n\n\n<p>Ces ateliers peuvent pr\u00e9senter un contenu d\u00e9j\u00e0 identifi\u00e9 comme les fresques, les jeux s\u00e9rieux, les actions p\u00e9dagogiques et d\u2019\u00e9ducation populaire, les d\u00e9ambulations, l\u2019approche sensible, sans limite a priori de types de format.<\/p>\n\n\n\n<h3 class=\"wp-block-heading has-large-font-size\">Modalit\u00e9s de soumission d\u2019un atelier<\/h3>\n\n\n\n<ul>\n<li>Objectifs<\/li>\n\n\n\n<li>Angles d\u2019attaque \/ points de vue entrecrois\u00e9s \/ r\u00e9flexions envisag\u00e9es<\/li>\n\n\n\n<li>Contenu de l\u2019activit\u00e9 propos\u00e9e<\/li>\n\n\n\n<li>Moyens mat\u00e9riels fournis \/ non fournis \u00e0 envisager<\/li>\n\n\n\n<li>Liste des travaux, des exp\u00e9riences, des \u00e9v\u00e8nements ou des r\u00e9alisations sur lesquels l\u2019atelier s\u2019appuiera.<\/li>\n<\/ul>\n<\/div>\n\n\n\n<h2 class=\"wp-block-heading has-x-large-font-size\">Crit\u00e8res de s\u00e9lection<\/h2>\n\n\n\n<p>Les soumissions seront examin\u00e9es par au moins deux membres du comit\u00e9 scientifique.<br>Seront consid\u00e9r\u00e9es en particulier :<\/p>\n\n\n\n<ul>\n<li>l\u2019ad\u00e9quation aux principes et questionnements prioritaires sus-mentionn\u00e9s;<\/li>\n\n\n\n<li>la dimension pluridisciplinaire du travail pr\u00e9sent\u00e9 ou la mani\u00e8re d\u2019envisager le dialogue avec une ou deux autres disciplines ;<\/li>\n\n\n\n<li>l\u2019importance et l\u2019originalit\u00e9 de la contribution ;<\/li>\n\n\n\n<li>la correction du contenu scientifique et technique ;<\/li>\n\n\n\n<li>la reproductibilit\u00e9 des r\u00e9sultats pour les sciences exactes ;<\/li>\n\n\n\n<li>l\u2019organisation et la clart\u00e9 de la pr\u00e9sentation.<\/li>\n<\/ul>\n\n\n\n<p>Pour vous donner une id\u00e9e de la mise en forme des documents attendus, vous pouvez vous r\u00e9f\u00e9rer aux <a href=\"https:\/\/archipel.inria.fr\/actes-2022\/\">actes de l&rsquo;\u00e9dition 2022<\/a> ainsi qu&rsquo;\u00e0 notre page <a href=\"https:\/\/archipel.conf.citi-lab.fr\/index.php\/modeles\/\" data-type=\"page\" data-id=\"1229\">\u00ab\u00a0Documents Mod\u00e8les\u00a0\u00bb<\/a>.<\/p>\n\n\n\n<hr class=\"wp-block-separator has-alpha-channel-opacity\"\/>\n\n\n\n<p><strong>Cl\u00f4ture de l\u2019appel : <\/strong>voir <a href=\"#date-limite\">haut de page<\/a>.<\/p>\n\n\n\n<p><strong>Site de soumission des propositions&nbsp;: <\/strong>voir <a href=\"#date-limite\">haut de page<\/a>.<\/p>\n\n\n\n<p><strong>Si vous avez d&rsquo;autres questions :<\/strong> n&rsquo;h\u00e9sitez pas \u00e0 lire <a href=\"https:\/\/archipel.conf.citi-lab.fr\/index.php\/foire-aux-questions\/\" data-type=\"page\" data-id=\"1321\">notre Foire aux Questions<\/a> ou \u00e0 <a href=\"https:\/\/archipel.conf.citi-lab.fr\/index.php\/contact\/\" data-type=\"page\" data-id=\"1237\">nous contacter.<\/a><\/p>\n","protected":false},"excerpt":{"rendered":"<p>Date limite de soumission : 15 octobre 202330 octobre 20238 novembre 2023 Site de soumission:https:\/\/openconf-archipel.conf.citi-lab.fr\/ Conf\u00e9rence: du 15 au 18 avril 2024 Lieu: Insa de Lyon La conf\u00e9rence Archipel propose un cadre g\u00e9n\u00e9ral de partage des connaissances et des formes de discussion qui permettent aux chercheurs et chercheuses de traditions diverses de travailler ensemble en [&hellip;]<\/p>\n","protected":false},"author":1,"featured_media":0,"parent":0,"menu_order":0,"comment_status":"closed","ping_status":"closed","template":"","meta":{"footnotes":""},"_links":{"self":[{"href":"https:\/\/archipel.conf.citi-lab.fr\/index.php\/wp-json\/wp\/v2\/pages\/1218"}],"collection":[{"href":"https:\/\/archipel.conf.citi-lab.fr\/index.php\/wp-json\/wp\/v2\/pages"}],"about":[{"href":"https:\/\/archipel.conf.citi-lab.fr\/index.php\/wp-json\/wp\/v2\/types\/page"}],"author":[{"embeddable":true,"href":"https:\/\/archipel.conf.citi-lab.fr\/index.php\/wp-json\/wp\/v2\/users\/1"}],"replies":[{"embeddable":true,"href":"https:\/\/archipel.conf.citi-lab.fr\/index.php\/wp-json\/wp\/v2\/comments?post=1218"}],"version-history":[{"count":22,"href":"https:\/\/archipel.conf.citi-lab.fr\/index.php\/wp-json\/wp\/v2\/pages\/1218\/revisions"}],"predecessor-version":[{"id":1356,"href":"https:\/\/archipel.conf.citi-lab.fr\/index.php\/wp-json\/wp\/v2\/pages\/1218\/revisions\/1356"}],"wp:attachment":[{"href":"https:\/\/archipel.conf.citi-lab.fr\/index.php\/wp-json\/wp\/v2\/media?parent=1218"}],"curies":[{"name":"wp","href":"https:\/\/api.w.org\/{rel}","templated":true}]}}