{"id":1216,"date":"2023-10-03T08:39:00","date_gmt":"2023-10-03T08:39:00","guid":{"rendered":"https:\/\/archipel.conf.citi-lab.fr\/?page_id=1216"},"modified":"2023-12-08T10:43:41","modified_gmt":"2023-12-08T09:43:41","slug":"comites","status":"publish","type":"page","link":"https:\/\/archipel.conf.citi-lab.fr\/index.php\/comites\/","title":{"rendered":"Comit\u00e9s"},"content":{"rendered":"\n<h3 class=\"wp-block-heading\">Comit\u00e9 scientifique<\/h3>\n\n\n\n<ul>\n<li><a href=\"https:\/\/marcchesney.com\/fr\/\">March Chesney<\/a>, Centre de comp\u00e9tence en finance durable, Universit\u00e9 de Zurich<\/li>\n\n\n\n<li><a href=\"https:\/\/www.imbe.fr\/wolfgang-cramer\">Wolfgang Cramer<\/a>, Institut M\u00e9diterran\u00e9en de Biodiversit\u00e9 et d\u2019Ecologie Marine et Continentale, CNRS<\/li>\n\n\n\n<li><a href=\"https:\/\/www.unil.ch\/fbm\/home\/menuinst\/la-releve-academique\/nominations--promotions\/professeurs-a-a-z\/d-g\/dacremont-valerie.html\">Val\u00e9rie d&rsquo;Acremont<\/a>, responsable du secteur Sant\u00e9 globale et environnementale \u00e0 Unisant\u00e9, Universit\u00e9 de Lausanne<\/li>\n\n\n\n<li><a href=\"http:\/\/crh.ehess.fr\/index.php?6284\">Jean-Baptiste Fressoz<\/a>, Centre de Recherches Historiques, CNRS<\/li>\n\n\n\n<li><a href=\"https:\/\/pro.univ-lille.fr\/florence-jany-catrice\/\">Florence Jany-Catrice<\/a>, Centre Lillois d&rsquo;\u00c9tudes et de Recherches Sociologiques et \u00c9conomiques, Universit\u00e9 de Lille<\/li>\n\n\n\n<li><a href=\"https:\/\/steep.inria.fr\/pierre-yves-longaretti\/\">Pierre-Yves Longaretti<\/a>, \u00e9quipe Inria STEEP (Soutenabilit\u00e9, Territoires, Environnement, Economie et Politiques locales), CNRS<\/li>\n\n\n\n<li><a href=\"https:\/\/framespa.univ-tlse2.fr\/accueil\/annuaire\/annuaire-des-chercheurs\/laure-teulieres#\/\">Laure Teuli\u00e8res<\/a>, Laboratoire FRAMESPA (France, Am\u00e9rique, Espagne, Soci\u00e9t\u00e9s, Pouvoirs, Acteurs), Universit\u00e9 de Toulouse<\/li>\n\n\n\n<li><a href=\"https:\/\/www.isterre.fr\/annuaire\/pages-web-du-personnel\/olivier-vidal\/\">Olivier Vidal<\/a>, Institut des sciences de la Terre, CNRS<\/li>\n<\/ul>\n\n\n\n<h3 class=\"wp-block-heading\">Comit\u00e9 de programme<\/h3>\n\n\n\n<p>Le comit\u00e9 de programme d\u2019Archipel 2024 est accompagn\u00e9 par les membres du comit\u00e9 de <a href=\"https:\/\/archipel.inria.fr\/committee\/\">pilotage de la conf\u00e9rence Archipel 2022<\/a> pour assurer le partage d\u2019exp\u00e9rience et une forme de continuit\u00e9 entre les deux \u00e9v\u00e8nements. <\/p>\n\n\n\n<ul>\n<li><a href=\"https:\/\/institut-gaston-berger.insa-lyon.fr\/fr\/content\/qui-sommes-nous\">Marie-Pierre Escudi\u00e9,<\/a> Institut Gaston Berger, INSA Lyon (coordinatrice)<\/li>\n\n\n\n<li><a href=\"https:\/\/steep.inria.fr\/\">Serge Fenet<\/a>, \u00c9quipe STEEP, Universit\u00e9 Claude Bernard Lyon 1<\/li>\n\n\n\n<li><a href=\"http:\/\/math.univ-lyon1.fr\/~fougeres\/\">Anne-Laure-Foug\u00e8res<\/a>, Institut Camille Jordan, Universit\u00e9 Claude Bernard Lyon 1<\/li>\n\n\n\n<li><a href=\"https:\/\/www.pacte-grenoble.fr\/fr\/sophie-wahnich\">Sophie Wahnich<\/a>, \u00c9quipe STEEP, INRIA et \u00c9quipe Environnements du laboratoire PACTE, Universit\u00e9 Grenoble Alpes<\/li>\n<\/ul>\n\n\n\n<h3 class=\"wp-block-heading\">Comit\u00e9 de lecture<\/h3>\n\n\n\n<p>Alex Ayet, GIPSA-lab, CNRS<br>Ugo Bardi, Dipartimento di Scienze della Terra, Universit\u00e0 degli Studi di Firenze<br>Renaud Becot, PACTE, Sciences Po Grenoble<br>Fran\u00e7oise Berthoud, UMS GRICAD, Universit\u00e9 Grenoble Alpes<br>Bastien Bousseau, LBBE, Universit\u00e9 Lyon1<br>Mathilde Boissier, \u00c9quipe STEEP, INRIA<br>Christophe Bouillaud, Pacte, Sciences Po Grenoble<br>Mireille Bruy\u00e8re, CERTOP, Universit\u00e9 Toulouse 2<br>Louison Cahen-fourot, MIAP, Universit\u00e9 Paris 13<br>Marc Chesney, Centre de Comp\u00e9tence en Finance Durable, Universit\u00e9 de Z\u00fcrich<br>Antonella Corsani, IDHES, ISST, Paris 1<br>Jean-Yves Courtonne, STEEP, INRIA<br>Louis Delannoy, STEEP, INRIA<br>Denis Dupr\u00e9, STEEP, Universit\u00e9 Grenoble Alpes<br>Gilles Escarguel, LEHNA, Universit\u00e9 Lyon 1<br>Cl\u00e9ment Feger, &nbsp;Institut des sciences et industries du vivant et de l&rsquo;environnement,&nbsp;&nbsp;AgroParisTech<br>Nils Ferrand, Laboratoire G-eau, INRAE<br>Bernard Friot, Universit\u00e9 Paris-Nanterre<br>Natacha Gondran, Environnement, Ville, Soci\u00e9t\u00e9, \u00c9cole des Mines de Saint-\u00c9tienne<br>Aur\u00e9lien Graton, Universit\u00e9 Savoie Mont Blanc<br>Annabelle Haudry, Laboratoire de Biom\u00e9trie et de Biologie \u00c9volutive, Universit\u00e9 Claude Bernard Lyon 1<br>Jean-Michel Hup\u00e9, Centre de Recherche Cerveau et Cognition, CNRS<br>Fran\u00e7ois Jarrige, LIR3S-UMR7366, Universit\u00e9 de Bourgogne<br>Pablo Jensen, Laboratoire de physique, ENS de Lyon<br>Agn\u00e8s Labrousse, Triangle, Sciences Po Lyon<br>Diego Landivar, ESC Clermont Business School<br>Jean-Paul L\u00e9na Laboratoire LEHNA, Universit\u00e9 Claude Bernard Lyon 1<br>Cl\u00e9mence L\u00e9obal, CNRS<br>Julien Mattern, TREE, UPPA<br>Mathieu Mangeot, STEEP, Universit\u00e9 Savoie Mont Blanc<br>Emmanuel Prados, STEEP, INRIA<br>No\u00e9mie Rebi\u00e8re, Institut Fran\u00e7ais de G\u00e9opolitique, Universit\u00e9 Paris 8<br>Yvan Renou, PACTE, Universit\u00e9 Grenoble Alpes<br>Claire Revol, PACTE, Universit\u00e9 Grenoble Alpes<br>Benoit Schmaltz, CERCRID, Universit\u00e9 Jean Monnet Saint \u00c9tienne<br>Elodie Vieille Blanchard,&nbsp;Association v\u00e9g\u00e9tarienne de France&nbsp;<br><\/p>\n\n\n\n<p><\/p>\n\n\n\n<h3 class=\"wp-block-heading\">Comit\u00e9 d\u2019organisation<\/h3>\n\n\n\n<p>La conf\u00e9rence Archipel 2024 est organis\u00e9e localement par l\u2019INSA de Lyon et INRIA, en particulier :<\/p>\n\n\n\n<ul>\n<li>Sophie Azzaro, INRIA<\/li>\n\n\n\n<li>Carmen Contamin, INRIA<\/li>\n\n\n\n<li>Franck Davoine, CNRS<\/li>\n\n\n\n<li>Anne-Laure Fogliani, INRIA<\/li>\n\n\n\n<li>Anouchka Ronceray, INRIA<\/li>\n\n\n\n<li>Lionel Morel, INSA Lyon<\/li>\n\n\n\n<li>Guillaume Salagnac, INSA Lyon<\/li>\n\n\n\n<li>Christine Solnon, INSA Lyon (coordinatrice)<\/li>\n\n\n\n<li>Jean-Fran\u00e7ois Tr\u00e9gou\u00ebt, INSA Lyon<\/li>\n<\/ul>\n\n\n\n<p>Vous pouvez contacter ces personnes par e-mail \u00e0 l&rsquo;adresse <a href=\"mailto:archipel-2024-orga@inria.fr\">archipel-2024-orga@inria.fr<\/a><\/p>\n","protected":false},"excerpt":{"rendered":"<p>Comit\u00e9 scientifique Comit\u00e9 de programme Le comit\u00e9 de programme d\u2019Archipel 2024 est accompagn\u00e9 par les membres du comit\u00e9 de pilotage de la conf\u00e9rence Archipel 2022 pour assurer le partage d\u2019exp\u00e9rience et une forme de continuit\u00e9 entre les deux \u00e9v\u00e8nements. Comit\u00e9 de lecture Alex Ayet, GIPSA-lab, CNRSUgo Bardi, Dipartimento di Scienze della Terra, Universit\u00e0 degli Studi [&hellip;]<\/p>\n","protected":false},"author":1,"featured_media":0,"parent":0,"menu_order":0,"comment_status":"closed","ping_status":"closed","template":"","meta":{"footnotes":""},"_links":{"self":[{"href":"https:\/\/archipel.conf.citi-lab.fr\/index.php\/wp-json\/wp\/v2\/pages\/1216"}],"collection":[{"href":"https:\/\/archipel.conf.citi-lab.fr\/index.php\/wp-json\/wp\/v2\/pages"}],"about":[{"href":"https:\/\/archipel.conf.citi-lab.fr\/index.php\/wp-json\/wp\/v2\/types\/page"}],"author":[{"embeddable":true,"href":"https:\/\/archipel.conf.citi-lab.fr\/index.php\/wp-json\/wp\/v2\/users\/1"}],"replies":[{"embeddable":true,"href":"https:\/\/archipel.conf.citi-lab.fr\/index.php\/wp-json\/wp\/v2\/comments?post=1216"}],"version-history":[{"count":16,"href":"https:\/\/archipel.conf.citi-lab.fr\/index.php\/wp-json\/wp\/v2\/pages\/1216\/revisions"}],"predecessor-version":[{"id":1387,"href":"https:\/\/archipel.conf.citi-lab.fr\/index.php\/wp-json\/wp\/v2\/pages\/1216\/revisions\/1387"}],"wp:attachment":[{"href":"https:\/\/archipel.conf.citi-lab.fr\/index.php\/wp-json\/wp\/v2\/media?parent=1216"}],"curies":[{"name":"wp","href":"https:\/\/api.w.org\/{rel}","templated":true}]}}